{"id":269,"date":"2013-08-05T15:46:41","date_gmt":"2013-08-05T15:46:10","guid":{"rendered":"https:\/\/airseaway.com\/sitio\/?page_id=269"},"modified":"2024-07-25T17:14:50","modified_gmt":"2024-07-25T20:14:50","slug":"inicio","status":"publish","type":"page","link":"https:\/\/airseaway.com\/sitio\/inicio\/","title":{"rendered":"Inicio"},"content":{"rendered":"\n<p><\/p>\n\n\n\n<div class=\"grid_24 slider_wrapper\"><!--Start Slider-->\n<div id=\"slides\">\n<figure><img decoding=\"async\" src=\"https:\/\/airseaway.com\/sitio\/wp-content\/uploads\/2013\/09\/fondoweb.gif\" alt=\"\"\/><\/figure><div class=\"slide slides_container\"><!--Start Slider--><br \/><!--End Slider--><\/div>\n<\/div>\n<p><!--End Slider--><\/p>\n<\/div>\n\n\n\n<div class=\"wp-block-columns is-layout-flex wp-container-core-columns-is-layout-9d6595d7 wp-block-columns-is-layout-flex\">\n<div class=\"wp-block-column is-layout-flow wp-block-column-is-layout-flow\">\n<h2 class=\"wp-block-heading\"><a href=\"https:\/\/airseaway.com\/sitio\/ocean-shipments\/\">Mar\u00edtimos<\/a><\/h2>\n\n\n\n<figure class=\"wp-block-image\"><img decoding=\"async\" src=\"https:\/\/airseaway.com\/sitio\/wp-content\/uploads\/2013\/08\/Embarques-Maritimos.jpg\" alt=\"\"\/><\/figure>\n\n\n\n<p>Air Sea Way Log\u00edstica brinda servicios para env\u00edos mar\u00edtimos (FCL, LCL, RO-RO Y BREAKBULK), desde y hacia todos los destinos en las compa\u00f1\u00edas navieras que operan a nivel mundial.<\/p>\n<\/div>\n\n\n\n<div class=\"wp-block-column is-layout-flow wp-block-column-is-layout-flow\">\n<h2 class=\"wp-block-heading\"><a href=\"https:\/\/airseaway.com\/sitio\/air-shipments\/\">A\u00e9reos<\/a><\/h2>\n\n\n\n<figure class=\"wp-block-image\"><img decoding=\"async\" src=\"https:\/\/airseaway.com\/sitio\/wp-content\/uploads\/2013\/08\/Embarques-Aereos.jpg\" alt=\"\"\/><\/figure>\n\n\n\n<p>Air Sea Way Log\u00edstica proporciona servicios de consolidaci\u00f3n. Ofrecemos soluciones en el manejo de carga fr\u00e1gil, mercanc\u00edas peligrosas (DG) y sobredimensionadas.<\/p>\n<\/div>\n\n\n\n<div class=\"wp-block-column is-layout-flow wp-block-column-is-layout-flow\">\n<h2 class=\"wp-block-heading\"><a href=\"https:\/\/airseaway.com\/sitio\/foreign-trade\/\">Com-Ex<\/a><\/h2>\n\n\n\n<figure class=\"wp-block-image\"><img decoding=\"async\" src=\"https:\/\/airseaway.com\/sitio\/wp-content\/uploads\/2013\/08\/comex21.jpg\" alt=\"\"\/><\/figure>\n\n\n\n<p>En Air Sea Way Log\u00edstica Ofrecemos soluciones adaptadas a sus necesidades para enfrentar los desaf\u00edos de los mercados locales y globales haciendo an\u00e1lisis de costos y optimizaci\u00f3n de sus inversiones.<\/p>\n<\/div>\n<\/div>\n\n\n\n<p><\/p>\n","protected":false},"excerpt":{"rendered":"<p>Mar\u00edtimos Air Sea Way Log\u00edstica brinda servicios para env\u00edos mar\u00edtimos (FCL, LCL, RO-RO Y BREAKBULK), desde y hacia todos los destinos en las compa\u00f1\u00edas navieras que operan a nivel mundial. A\u00e9reos Air Sea Way Log\u00edstica proporciona servicios de consolidaci\u00f3n. Ofrecemos soluciones en el manejo de carga fr\u00e1gil, mercanc\u00edas peligrosas (DG) y sobredimensionadas. Com-Ex En Air [&hellip;]<\/p>\n","protected":false},"author":3,"featured_media":0,"parent":0,"menu_order":0,"comment_status":"closed","ping_status":"closed","template":"","meta":{"footnotes":""},"class_list":["post-269","page","type-page","status-publish","hentry"],"_links":{"self":[{"href":"https:\/\/airseaway.com\/sitio\/wp-json\/wp\/v2\/pages\/269","targetHints":{"allow":["GET"]}}],"collection":[{"href":"https:\/\/airseaway.com\/sitio\/wp-json\/wp\/v2\/pages"}],"about":[{"href":"https:\/\/airseaway.com\/sitio\/wp-json\/wp\/v2\/types\/page"}],"author":[{"embeddable":true,"href":"https:\/\/airseaway.com\/sitio\/wp-json\/wp\/v2\/users\/3"}],"replies":[{"embeddable":true,"href":"https:\/\/airseaway.com\/sitio\/wp-json\/wp\/v2\/comments?post=269"}],"version-history":[{"count":8,"href":"https:\/\/airseaway.com\/sitio\/wp-json\/wp\/v2\/pages\/269\/revisions"}],"predecessor-version":[{"id":666,"href":"https:\/\/airseaway.com\/sitio\/wp-json\/wp\/v2\/pages\/269\/revisions\/666"}],"wp:attachment":[{"href":"https:\/\/airseaway.com\/sitio\/wp-json\/wp\/v2\/media?parent=269"}],"curies":[{"name":"wp","href":"https:\/\/api.w.org\/{rel}","templated":true}]}}